{"id":8,"date":"2020-07-14T09:55:08","date_gmt":"2020-07-14T07:55:08","guid":{"rendered":"https:\/\/vratisehrvatskatezove.com\/about-us\/"},"modified":"2023-11-29T13:02:14","modified_gmt":"2023-11-29T12:02:14","slug":"price-povratnika","status":"publish","type":"page","link":"https:\/\/vratisehrvatskatezove.com\/pt\/price-povratnika\/","title":{"rendered":"Hist\u00f3rias da Cro\u00e1cia"},"content":{"rendered":"<div data-elementor-type=\"wp-page\" data-elementor-id=\"8\" class=\"elementor elementor-8\" data-elementor-post-type=\"page\">\n\t\t\t\t\t\t<section class=\"elementor-section elementor-top-section elementor-element elementor-element-7654b20 elementor-section-height-min-height elementor-section-content-bottom elementor-section-items-bottom elementor-section-boxed elementor-section-height-default\" data-id=\"7654b20\" data-element_type=\"section\" data-e-type=\"section\" data-settings=\"{&quot;background_background&quot;:&quot;classic&quot;}\">\n\t\t\t\t\t\t\t<div class=\"elementor-background-overlay\"><\/div>\n\t\t\t\t\t\t\t<div class=\"elementor-container elementor-column-gap-no\">\n\t\t\t\t\t<div class=\"elementor-column elementor-col-100 elementor-top-column elementor-element elementor-element-84ecc6e\" data-id=\"84ecc6e\" data-element_type=\"column\" data-e-type=\"column\">\n\t\t\t<div class=\"elementor-widget-wrap elementor-element-populated\">\n\t\t\t\t\t\t<div class=\"elementor-element elementor-element-5a51642 elementor-widget elementor-widget-heading\" data-id=\"5a51642\" data-element_type=\"widget\" data-e-type=\"widget\" data-widget_type=\"heading.default\">\n\t\t\t\t<div class=\"elementor-widget-container\">\n\t\t\t\t\t<h6 class=\"elementor-heading-title elementor-size-default\">Volte, Cro\u00e1cia te chama!<\/h6>\t\t\t\t<\/div>\n\t\t\t\t<\/div>\n\t\t\t\t<div class=\"elementor-element elementor-element-6b189d5 elementor-widget elementor-widget-heading\" data-id=\"6b189d5\" data-element_type=\"widget\" data-e-type=\"widget\" data-widget_type=\"heading.default\">\n\t\t\t\t<div class=\"elementor-widget-container\">\n\t\t\t\t\t<h1 class=\"elementor-heading-title elementor-size-default\">Hist\u00f3rias da Cro\u00e1cia<\/h1>\t\t\t\t<\/div>\n\t\t\t\t<\/div>\n\t\t\t\t\t<\/div>\n\t\t<\/div>\n\t\t\t\t\t<\/div>\n\t\t<\/section>\n\t\t\t\t<section class=\"elementor-section elementor-top-section elementor-element elementor-element-510efdf elementor-section-boxed elementor-section-height-default elementor-section-height-default\" data-id=\"510efdf\" data-element_type=\"section\" data-e-type=\"section\">\n\t\t\t\t\t\t<div class=\"elementor-container elementor-column-gap-default\">\n\t\t\t\t\t<div class=\"elementor-column elementor-col-100 elementor-top-column elementor-element elementor-element-7d4a673\" data-id=\"7d4a673\" data-element_type=\"column\" data-e-type=\"column\">\n\t\t\t<div class=\"elementor-widget-wrap elementor-element-populated\">\n\t\t\t\t\t\t<div class=\"elementor-element elementor-element-6d2751e elementor-widget elementor-widget-spacer\" data-id=\"6d2751e\" data-element_type=\"widget\" data-e-type=\"widget\" data-widget_type=\"spacer.default\">\n\t\t\t\t<div class=\"elementor-widget-container\">\n\t\t\t\t\t\t\t<div class=\"elementor-spacer\">\n\t\t\t<div class=\"elementor-spacer-inner\"><\/div>\n\t\t<\/div>\n\t\t\t\t\t\t<\/div>\n\t\t\t\t<\/div>\n\t\t\t\t\t<\/div>\n\t\t<\/div>\n\t\t\t\t\t<\/div>\n\t\t<\/section>\n\t\t\t\t<section class=\"elementor-section elementor-top-section elementor-element elementor-element-6213470 elementor-section-boxed elementor-section-height-default elementor-section-height-default\" data-id=\"6213470\" data-element_type=\"section\" data-e-type=\"section\">\n\t\t\t\t\t\t<div class=\"elementor-container elementor-column-gap-default\">\n\t\t\t\t\t<div class=\"elementor-column elementor-col-100 elementor-top-column elementor-element elementor-element-b3d8fcb\" data-id=\"b3d8fcb\" data-element_type=\"column\" data-e-type=\"column\">\n\t\t\t<div class=\"elementor-widget-wrap\">\n\t\t\t\t\t\t\t<\/div>\n\t\t<\/div>\n\t\t\t\t\t<\/div>\n\t\t<\/section>\n\t\t\t\t<section class=\"elementor-section elementor-top-section elementor-element elementor-element-1f01ae0 elementor-section-boxed elementor-section-height-default elementor-section-height-default\" data-id=\"1f01ae0\" data-element_type=\"section\" data-e-type=\"section\">\n\t\t\t\t\t\t<div class=\"elementor-container elementor-column-gap-default\">\n\t\t\t\t\t<div class=\"elementor-column elementor-col-50 elementor-top-column elementor-element elementor-element-88929c5\" data-id=\"88929c5\" data-element_type=\"column\" data-e-type=\"column\">\n\t\t\t<div class=\"elementor-widget-wrap elementor-element-populated\">\n\t\t\t\t\t\t<div class=\"elementor-element elementor-element-142ca6a elementor-widget elementor-widget-video\" data-id=\"142ca6a\" data-element_type=\"widget\" data-e-type=\"widget\" data-settings=\"{&quot;youtube_url&quot;:&quot;https:\\\/\\\/www.youtube.com\\\/watch?v=1YuzgB3rgyg&amp;t=12s&quot;,&quot;video_type&quot;:&quot;youtube&quot;,&quot;controls&quot;:&quot;yes&quot;}\" data-widget_type=\"video.default\">\n\t\t\t\t<div class=\"elementor-widget-container\">\n\t\t\t\t\t\t\t<div class=\"elementor-wrapper elementor-open-inline\">\n\t\t\t<div class=\"elementor-video\"><\/div>\t\t<\/div>\n\t\t\t\t\t\t<\/div>\n\t\t\t\t<\/div>\n\t\t\t\t\t<\/div>\n\t\t<\/div>\n\t\t\t\t<div class=\"elementor-column elementor-col-50 elementor-top-column elementor-element elementor-element-2b6e77f\" data-id=\"2b6e77f\" data-element_type=\"column\" data-e-type=\"column\">\n\t\t\t<div class=\"elementor-widget-wrap elementor-element-populated\">\n\t\t\t\t\t\t<div class=\"elementor-element elementor-element-af9e9ba elementor-widget elementor-widget-video\" data-id=\"af9e9ba\" data-element_type=\"widget\" data-e-type=\"widget\" data-settings=\"{&quot;youtube_url&quot;:&quot;https:\\\/\\\/www.youtube.com\\\/watch?v=L46Cg4DCsEk&quot;,&quot;video_type&quot;:&quot;youtube&quot;,&quot;controls&quot;:&quot;yes&quot;}\" data-widget_type=\"video.default\">\n\t\t\t\t<div class=\"elementor-widget-container\">\n\t\t\t\t\t\t\t<div class=\"elementor-wrapper elementor-open-inline\">\n\t\t\t<div class=\"elementor-video\"><\/div>\t\t<\/div>\n\t\t\t\t\t\t<\/div>\n\t\t\t\t<\/div>\n\t\t\t\t\t<\/div>\n\t\t<\/div>\n\t\t\t\t\t<\/div>\n\t\t<\/section>\n\t\t\t\t<section class=\"elementor-section elementor-top-section elementor-element elementor-element-2590f9d elementor-section-boxed elementor-section-height-default elementor-section-height-default\" data-id=\"2590f9d\" data-element_type=\"section\" data-e-type=\"section\">\n\t\t\t\t\t\t<div class=\"elementor-container elementor-column-gap-default\">\n\t\t\t\t\t<div class=\"elementor-column elementor-col-50 elementor-top-column elementor-element elementor-element-43d62fe\" data-id=\"43d62fe\" data-element_type=\"column\" data-e-type=\"column\">\n\t\t\t<div class=\"elementor-widget-wrap elementor-element-populated\">\n\t\t\t\t\t\t<div class=\"elementor-element elementor-element-70f680e elementor-widget elementor-widget-video\" data-id=\"70f680e\" data-element_type=\"widget\" data-e-type=\"widget\" data-settings=\"{&quot;youtube_url&quot;:&quot;https:\\\/\\\/youtu.be\\\/gRLOmKJS2c8&quot;,&quot;video_type&quot;:&quot;youtube&quot;,&quot;controls&quot;:&quot;yes&quot;}\" data-widget_type=\"video.default\">\n\t\t\t\t<div class=\"elementor-widget-container\">\n\t\t\t\t\t\t\t<div class=\"elementor-wrapper elementor-open-inline\">\n\t\t\t<div class=\"elementor-video\"><\/div>\t\t<\/div>\n\t\t\t\t\t\t<\/div>\n\t\t\t\t<\/div>\n\t\t\t\t\t<\/div>\n\t\t<\/div>\n\t\t\t\t<div class=\"elementor-column elementor-col-50 elementor-top-column elementor-element elementor-element-8c5b02f\" data-id=\"8c5b02f\" data-element_type=\"column\" data-e-type=\"column\">\n\t\t\t<div class=\"elementor-widget-wrap elementor-element-populated\">\n\t\t\t\t\t\t<div class=\"elementor-element elementor-element-0396ef8 elementor-widget elementor-widget-video\" data-id=\"0396ef8\" data-element_type=\"widget\" data-e-type=\"widget\" data-settings=\"{&quot;youtube_url&quot;:&quot;https:\\\/\\\/youtu.be\\\/Msse964hTYs&quot;,&quot;video_type&quot;:&quot;youtube&quot;,&quot;controls&quot;:&quot;yes&quot;}\" data-widget_type=\"video.default\">\n\t\t\t\t<div class=\"elementor-widget-container\">\n\t\t\t\t\t\t\t<div class=\"elementor-wrapper elementor-open-inline\">\n\t\t\t<div class=\"elementor-video\"><\/div>\t\t<\/div>\n\t\t\t\t\t\t<\/div>\n\t\t\t\t<\/div>\n\t\t\t\t\t<\/div>\n\t\t<\/div>\n\t\t\t\t\t<\/div>\n\t\t<\/section>\n\t\t\t\t<section class=\"elementor-section elementor-top-section elementor-element elementor-element-59d9f01 elementor-section-boxed elementor-section-height-default elementor-section-height-default\" data-id=\"59d9f01\" data-element_type=\"section\" data-e-type=\"section\">\n\t\t\t\t\t\t<div class=\"elementor-container elementor-column-gap-default\">\n\t\t\t\t\t<div class=\"elementor-column elementor-col-50 elementor-top-column elementor-element elementor-element-a1f6f5c\" data-id=\"a1f6f5c\" data-element_type=\"column\" data-e-type=\"column\">\n\t\t\t<div class=\"elementor-widget-wrap elementor-element-populated\">\n\t\t\t\t\t\t<div class=\"elementor-element elementor-element-58ed3f4 elementor-widget elementor-widget-video\" data-id=\"58ed3f4\" data-element_type=\"widget\" data-e-type=\"widget\" data-settings=\"{&quot;youtube_url&quot;:&quot;https:\\\/\\\/youtu.be\\\/aDEtKAeMKRg&quot;,&quot;video_type&quot;:&quot;youtube&quot;,&quot;controls&quot;:&quot;yes&quot;}\" data-widget_type=\"video.default\">\n\t\t\t\t<div class=\"elementor-widget-container\">\n\t\t\t\t\t\t\t<div class=\"elementor-wrapper elementor-open-inline\">\n\t\t\t<div class=\"elementor-video\"><\/div>\t\t<\/div>\n\t\t\t\t\t\t<\/div>\n\t\t\t\t<\/div>\n\t\t\t\t\t<\/div>\n\t\t<\/div>\n\t\t\t\t<div class=\"elementor-column elementor-col-50 elementor-top-column elementor-element elementor-element-5fe2574\" data-id=\"5fe2574\" data-element_type=\"column\" data-e-type=\"column\">\n\t\t\t<div class=\"elementor-widget-wrap elementor-element-populated\">\n\t\t\t\t\t\t<div class=\"elementor-element elementor-element-c478a18 elementor-widget elementor-widget-video\" data-id=\"c478a18\" data-element_type=\"widget\" data-e-type=\"widget\" data-settings=\"{&quot;youtube_url&quot;:&quot;https:\\\/\\\/youtu.be\\\/Zcr58bkvJ4Y&quot;,&quot;video_type&quot;:&quot;youtube&quot;,&quot;controls&quot;:&quot;yes&quot;}\" data-widget_type=\"video.default\">\n\t\t\t\t<div class=\"elementor-widget-container\">\n\t\t\t\t\t\t\t<div class=\"elementor-wrapper elementor-open-inline\">\n\t\t\t<div class=\"elementor-video\"><\/div>\t\t<\/div>\n\t\t\t\t\t\t<\/div>\n\t\t\t\t<\/div>\n\t\t\t\t\t<\/div>\n\t\t<\/div>\n\t\t\t\t\t<\/div>\n\t\t<\/section>\n\t\t\t\t<section class=\"elementor-section elementor-top-section elementor-element elementor-element-041db7b elementor-section-boxed elementor-section-height-default elementor-section-height-default\" data-id=\"041db7b\" data-element_type=\"section\" data-e-type=\"section\">\n\t\t\t\t\t\t<div class=\"elementor-container elementor-column-gap-default\">\n\t\t\t\t\t<div class=\"elementor-column elementor-col-100 elementor-top-column elementor-element elementor-element-a5ee9fb\" data-id=\"a5ee9fb\" data-element_type=\"column\" data-e-type=\"column\">\n\t\t\t<div class=\"elementor-widget-wrap elementor-element-populated\">\n\t\t\t\t\t\t<div class=\"elementor-element elementor-element-3282b8d elementor-widget elementor-widget-spacer\" data-id=\"3282b8d\" data-element_type=\"widget\" data-e-type=\"widget\" data-widget_type=\"spacer.default\">\n\t\t\t\t<div class=\"elementor-widget-container\">\n\t\t\t\t\t\t\t<div class=\"elementor-spacer\">\n\t\t\t<div class=\"elementor-spacer-inner\"><\/div>\n\t\t<\/div>\n\t\t\t\t\t\t<\/div>\n\t\t\t\t<\/div>\n\t\t\t\t\t<\/div>\n\t\t<\/div>\n\t\t\t\t\t<\/div>\n\t\t<\/section>\n\t\t\t\t<section class=\"elementor-section elementor-top-section elementor-element elementor-element-b9d075c elementor-section-boxed elementor-section-height-default elementor-section-height-default\" data-id=\"b9d075c\" data-element_type=\"section\" data-e-type=\"section\">\n\t\t\t\t\t\t<div class=\"elementor-container elementor-column-gap-default\">\n\t\t\t\t\t<div class=\"elementor-column elementor-col-100 elementor-top-column elementor-element elementor-element-797803d\" data-id=\"797803d\" data-element_type=\"column\" data-e-type=\"column\">\n\t\t\t<div class=\"elementor-widget-wrap\">\n\t\t\t\t\t\t\t<\/div>\n\t\t<\/div>\n\t\t\t\t\t<\/div>\n\t\t<\/section>\n\t\t\t\t<\/div>","protected":false},"excerpt":{"rendered":"<p>Vrati se, hrvatska te zove! Pri\u010de Povratnika<\/p>","protected":false},"author":2,"featured_media":0,"parent":0,"menu_order":0,"comment_status":"closed","ping_status":"closed","template":"","meta":{"_monsterinsights_skip_tracking":false,"_monsterinsights_sitenote_active":false,"_monsterinsights_sitenote_note":"","_monsterinsights_sitenote_category":0,"site-sidebar-layout":"no-sidebar","site-content-layout":"page-builder","ast-site-content-layout":"default","site-content-style":"default","site-sidebar-style":"default","ast-global-header-display":"","ast-banner-title-visibility":"","ast-main-header-display":"","ast-hfb-above-header-display":"","ast-hfb-below-header-display":"","ast-hfb-mobile-header-display":"","site-post-title":"disabled","ast-breadcrumbs-content":"disabled","ast-featured-img":"disabled","footer-sml-layout":"","ast-disable-related-posts":"","theme-transparent-header-meta":"enabled","adv-header-id-meta":"","stick-header-meta":"","header-above-stick-meta":"","header-main-stick-meta":"","header-below-stick-meta":"","astra-migrate-meta-layouts":"default","ast-page-background-enabled":"default","ast-page-background-meta":{"desktop":{"background-color":"","background-image":"","background-repeat":"repeat","background-position":"center center","background-size":"auto","background-attachment":"scroll","background-type":"","background-media":"","overlay-type":"","overlay-color":"","overlay-opacity":"","overlay-gradient":""},"tablet":{"background-color":"","background-image":"","background-repeat":"repeat","background-position":"center center","background-size":"auto","background-attachment":"scroll","background-type":"","background-media":"","overlay-type":"","overlay-color":"","overlay-opacity":"","overlay-gradient":""},"mobile":{"background-color":"","background-image":"","background-repeat":"repeat","background-position":"center center","background-size":"auto","background-attachment":"scroll","background-type":"","background-media":"","overlay-type":"","overlay-color":"","overlay-opacity":"","overlay-gradient":""}},"ast-content-background-meta":{"desktop":{"background-color":"var(--ast-global-color-5)","background-image":"","background-repeat":"repeat","background-position":"center center","background-size":"auto","background-attachment":"scroll","background-type":"","background-media":"","overlay-type":"","overlay-color":"","overlay-opacity":"","overlay-gradient":""},"tablet":{"background-color":"var(--ast-global-color-5)","background-image":"","background-repeat":"repeat","background-position":"center center","background-size":"auto","background-attachment":"scroll","background-type":"","background-media":"","overlay-type":"","overlay-color":"","overlay-opacity":"","overlay-gradient":""},"mobile":{"background-color":"var(--ast-global-color-5)","background-image":"","background-repeat":"repeat","background-position":"center center","background-size":"auto","background-attachment":"scroll","background-type":"","background-media":"","overlay-type":"","overlay-color":"","overlay-opacity":"","overlay-gradient":""}},"footnotes":""},"class_list":["post-8","page","type-page","status-publish","hentry"],"jetpack-related-posts":[{"id":1082,"url":"https:\/\/vratisehrvatskatezove.com\/pt\/","url_meta":{"origin":8,"position":0},"title":"P\u00e1gina Inicial","author":"Admin","date":"julho 14, 2020","format":false,"excerpt":"Vrati se, Hrvatska te zove! Portal za pru\u017eanje informacija o \u017eivotu i radu u Hrvatskoj ANKETA \u017deli\u0161 do\u0107i u Hrvatsku?Ostavi prijavu, a mi \u0107emo ti pomo\u0107i ostvariti to.Prijavi se MISIJA Povratak Hrvata i njihovih potomaka u Domovinu https:\/\/www.youtube.com\/watch?v=P_iITkH7Wn0Od 1991. do 2023. godine, iselilo se 900.000 Hrvata. Broj Hrvata koji \u017eive\u2026","rel":"","context":"Post similar","block_context":{"text":"Post similar","link":""},"img":{"alt_text":"","src":"https:\/\/i0.wp.com\/vratisehrvatskatezove.com\/wp-content\/uploads\/2023\/11\/ian-dooley-DJ7bWa-Gwks-unsplash-scaled.webp?resize=350%2C200&ssl=1","width":350,"height":200,"srcset":"https:\/\/i0.wp.com\/vratisehrvatskatezove.com\/wp-content\/uploads\/2023\/11\/ian-dooley-DJ7bWa-Gwks-unsplash-scaled.webp?resize=350%2C200&ssl=1 1x, https:\/\/i0.wp.com\/vratisehrvatskatezove.com\/wp-content\/uploads\/2023\/11\/ian-dooley-DJ7bWa-Gwks-unsplash-scaled.webp?resize=525%2C300&ssl=1 1.5x, https:\/\/i0.wp.com\/vratisehrvatskatezove.com\/wp-content\/uploads\/2023\/11\/ian-dooley-DJ7bWa-Gwks-unsplash-scaled.webp?resize=700%2C400&ssl=1 2x, https:\/\/i0.wp.com\/vratisehrvatskatezove.com\/wp-content\/uploads\/2023\/11\/ian-dooley-DJ7bWa-Gwks-unsplash-scaled.webp?resize=1050%2C600&ssl=1 3x, https:\/\/i0.wp.com\/vratisehrvatskatezove.com\/wp-content\/uploads\/2023\/11\/ian-dooley-DJ7bWa-Gwks-unsplash-scaled.webp?resize=1400%2C800&ssl=1 4x"},"classes":[]},{"id":1083,"url":"https:\/\/vratisehrvatskatezove.com\/pt\/blog\/","url_meta":{"origin":8,"position":1},"title":"Blog","author":"Admin","date":"julho 14, 2020","format":false,"excerpt":"VRATI SE, HRVATSKA TE ZOVE! BLOG March 14, 2024 Anketa u sklopu projekta \"Vrati se, Hrvatska te zove!\" provedena... Nakon pola godine istra\u017eivanja, donosimo rezultate ankete \u201cVrati se, Hrvatska te zove!\u201d","rel":"","context":"Post similar","block_context":{"text":"Post similar","link":""},"img":{"alt_text":"","src":"","width":0,"height":0},"classes":[]},{"id":10,"url":"https:\/\/vratisehrvatskatezove.com\/pt\/kontakt\/","url_meta":{"origin":8,"position":2},"title":"Contato","author":"Admin","date":"julho 14, 2020","format":false,"excerpt":"vrati se, hrvatska te zove! KONTAKT VODITELJICA PROJEKTA Maria Lorena \u0160karek lorena.skarek@vshtz.com +385 91 611 3542 https:\/\/www.youtube.com\/watch?v=dJqurdFpRzg Na\u0111ite nas na dru\u0161tvenim mre\u017eama!","rel":"","context":"Post similar","block_context":{"text":"Post similar","link":""},"img":{"alt_text":"","src":"https:\/\/i0.wp.com\/img.youtube.com\/vi\/dJqurdFpRzg\/0.jpg?resize=350%2C200","width":350,"height":200},"classes":[]},{"id":14,"url":"https:\/\/vratisehrvatskatezove.com\/pt\/hrvatska-te-zove\/","url_meta":{"origin":8,"position":3},"title":"Cro\u00e1cia te chama!","author":"Admin","date":"julho 14, 2020","format":false,"excerpt":"VRATI SE, HRVATSKA TE ZOVE! KORISNI LINKOVI Vodi\u010d za povratnike i useljenike u Republiku iz Hrvatske: SKINI OVDJE\u00a0Mobilnost radne snage- Biram Hrvatsku: SKINI OVDJE\u00a0\u017divot i rad u Hrvatskoj: SKINI OVDJE\u00a0e-Gra\u0111ani: RADNA MJESTA\u00a0Sredi\u0161nji dr\u017eavni ured za Hrvata izvan Republike Hrvatske:\u00a0- Ured Dobrodo\u0161lice: Central State office for Croats Abroad - Welcome Office\u2026","rel":"","context":"Post similar","block_context":{"text":"Post similar","link":""},"img":{"alt_text":"","src":"","width":0,"height":0},"classes":[]},{"id":16,"url":"https:\/\/vratisehrvatskatezove.com\/pt\/anketa\/","url_meta":{"origin":8,"position":4},"title":"Enquete","author":"Admin","date":"julho 14, 2020","format":false,"excerpt":"vrati se, hrvatska te zove! ANKETA Anketa je zavr\u0161ena. Rezultate ankete saznati \u0107ete uskoro u novom blogu! Please enable JavaScript in your browser to complete this form.1. Lugar de nacimiento *ArgentinaBoliviaBrasilChileEcuadorColombiaM\u00e9xicoPanam\u00e1ParaguayPer\u00faUruguayVenezuelaOtro1) Lugar de nacimiento2. G\u00e9nero *a) Masculinob) Femeninoc) Prefiero no decirlod) Otro3. A\u00f1o de nacimiento *20132012201120102009200820072006200520042003200220012000199919981997199619951994199319921991199019891988198719861985198419831982198119801979197819771976197519741973197219711970196919681967196619651964196319621961196019591958195719561955195419531952195119501949194819471946194519441943194219411940193919381937193619351934193319321931193019291928192719261925192419234. Lugar de residencia *ArgentinaBoliviaBrasilChileEcuadorColombiaM\u00e9xicoPanam\u00e1ParaguayPer\u00faUruguayVenezuelaOtro4)\u2026","rel":"","context":"Post similar","block_context":{"text":"Post similar","link":""},"img":{"alt_text":"Loading","src":"https:\/\/vratisehrvatskatezove.com\/wp-content\/plugins\/wpforms\/assets\/images\/submit-spin.svg","width":350,"height":200},"classes":[]}],"jetpack_sharing_enabled":true,"_links":{"self":[{"href":"https:\/\/vratisehrvatskatezove.com\/pt\/wp-json\/wp\/v2\/pages\/8","targetHints":{"allow":["GET"]}}],"collection":[{"href":"https:\/\/vratisehrvatskatezove.com\/pt\/wp-json\/wp\/v2\/pages"}],"about":[{"href":"https:\/\/vratisehrvatskatezove.com\/pt\/wp-json\/wp\/v2\/types\/page"}],"author":[{"embeddable":true,"href":"https:\/\/vratisehrvatskatezove.com\/pt\/wp-json\/wp\/v2\/users\/2"}],"replies":[{"embeddable":true,"href":"https:\/\/vratisehrvatskatezove.com\/pt\/wp-json\/wp\/v2\/comments?post=8"}],"version-history":[{"count":21,"href":"https:\/\/vratisehrvatskatezove.com\/pt\/wp-json\/wp\/v2\/pages\/8\/revisions"}],"predecessor-version":[{"id":1333,"href":"https:\/\/vratisehrvatskatezove.com\/pt\/wp-json\/wp\/v2\/pages\/8\/revisions\/1333"}],"wp:attachment":[{"href":"https:\/\/vratisehrvatskatezove.com\/pt\/wp-json\/wp\/v2\/media?parent=8"}],"curies":[{"name":"wp","href":"https:\/\/api.w.org\/{rel}","templated":true}]}}