{"id":10,"date":"2020-07-14T09:56:03","date_gmt":"2020-07-14T07:56:03","guid":{"rendered":"https:\/\/vratisehrvatskatezove.com\/contact\/"},"modified":"2023-11-23T12:49:49","modified_gmt":"2023-11-23T11:49:49","slug":"kontakt","status":"publish","type":"page","link":"https:\/\/vratisehrvatskatezove.com\/pt\/kontakt\/","title":{"rendered":"Contato"},"content":{"rendered":"<div data-elementor-type=\"wp-page\" data-elementor-id=\"10\" class=\"elementor elementor-10\" data-elementor-post-type=\"page\">\n\t\t\t\t\t\t<section class=\"elementor-section elementor-top-section elementor-element elementor-element-7281a65 elementor-section-height-min-height elementor-section-content-bottom elementor-section-items-bottom elementor-section-boxed elementor-section-height-default\" data-id=\"7281a65\" data-element_type=\"section\" data-e-type=\"section\" data-settings=\"{&quot;background_background&quot;:&quot;classic&quot;}\">\n\t\t\t\t\t\t\t<div class=\"elementor-background-overlay\"><\/div>\n\t\t\t\t\t\t\t<div class=\"elementor-container elementor-column-gap-no\">\n\t\t\t\t\t<div class=\"elementor-column elementor-col-100 elementor-top-column elementor-element elementor-element-6a439a7\" data-id=\"6a439a7\" data-element_type=\"column\" data-e-type=\"column\">\n\t\t\t<div class=\"elementor-widget-wrap elementor-element-populated\">\n\t\t\t\t\t\t<div class=\"elementor-element elementor-element-f01bfdd elementor-widget elementor-widget-heading\" data-id=\"f01bfdd\" data-element_type=\"widget\" data-e-type=\"widget\" data-widget_type=\"heading.default\">\n\t\t\t\t<div class=\"elementor-widget-container\">\n\t\t\t\t\t<h6 class=\"elementor-heading-title elementor-size-default\">vrati se, hrvatska te zove!<\/h6>\t\t\t\t<\/div>\n\t\t\t\t<\/div>\n\t\t\t\t<div class=\"elementor-element elementor-element-8dd1b42 elementor-widget elementor-widget-heading\" data-id=\"8dd1b42\" data-element_type=\"widget\" data-e-type=\"widget\" data-widget_type=\"heading.default\">\n\t\t\t\t<div class=\"elementor-widget-container\">\n\t\t\t\t\t<h1 class=\"elementor-heading-title elementor-size-default\">Contato<\/h1>\t\t\t\t<\/div>\n\t\t\t\t<\/div>\n\t\t\t\t\t<\/div>\n\t\t<\/div>\n\t\t\t\t\t<\/div>\n\t\t<\/section>\n\t\t\t\t<section class=\"elementor-section elementor-top-section elementor-element elementor-element-bb13f82 elementor-section-boxed elementor-section-height-default elementor-section-height-default\" data-id=\"bb13f82\" data-element_type=\"section\" data-e-type=\"section\" data-settings=\"{&quot;background_background&quot;:&quot;classic&quot;}\">\n\t\t\t\t\t\t\t<div class=\"elementor-background-overlay\"><\/div>\n\t\t\t\t\t\t\t<div class=\"elementor-container elementor-column-gap-no\">\n\t\t\t\t\t<div class=\"elementor-column elementor-col-100 elementor-top-column elementor-element elementor-element-f44bb1f\" data-id=\"f44bb1f\" data-element_type=\"column\" data-e-type=\"column\">\n\t\t\t<div class=\"elementor-widget-wrap elementor-element-populated\">\n\t\t\t\t\t\t\t<\/div>\n\t\t<\/div>\n\t\t\t\t\t<\/div>\n\t\t<\/section>\n\t\t\t\t<section class=\"elementor-section elementor-top-section elementor-element elementor-element-5c90ab0 elementor-section-content-bottom elementor-section-boxed elementor-section-height-default elementor-section-height-default\" data-id=\"5c90ab0\" data-element_type=\"section\" data-e-type=\"section\" data-settings=\"{&quot;background_background&quot;:&quot;classic&quot;}\">\n\t\t\t\t\t\t<div class=\"elementor-container elementor-column-gap-no\">\n\t\t\t\t\t<div class=\"elementor-column elementor-col-100 elementor-top-column elementor-element elementor-element-38903ae\" data-id=\"38903ae\" data-element_type=\"column\" data-e-type=\"column\" data-settings=\"{&quot;background_background&quot;:&quot;classic&quot;}\">\n\t\t\t<div class=\"elementor-widget-wrap elementor-element-populated\">\n\t\t\t\t\t<div class=\"elementor-background-overlay\"><\/div>\n\t\t\t\t\t\t<section class=\"elementor-section elementor-inner-section elementor-element elementor-element-0df9f6d elementor-section-boxed elementor-section-height-default elementor-section-height-default\" data-id=\"0df9f6d\" data-element_type=\"section\" data-e-type=\"section\">\n\t\t\t\t\t\t<div class=\"elementor-container elementor-column-gap-no\">\n\t\t\t\t\t<div class=\"elementor-column elementor-col-100 elementor-inner-column elementor-element elementor-element-f8f7f19\" data-id=\"f8f7f19\" data-element_type=\"column\" data-e-type=\"column\" data-settings=\"{&quot;background_background&quot;:&quot;classic&quot;}\">\n\t\t\t<div class=\"elementor-widget-wrap elementor-element-populated\">\n\t\t\t\t\t<div class=\"elementor-background-overlay\"><\/div>\n\t\t\t\t\t\t<div class=\"elementor-element elementor-element-3e1f4d9 elementor-widget elementor-widget-heading\" data-id=\"3e1f4d9\" data-element_type=\"widget\" data-e-type=\"widget\" data-widget_type=\"heading.default\">\n\t\t\t\t<div class=\"elementor-widget-container\">\n\t\t\t\t\t<h6 class=\"elementor-heading-title elementor-size-default\"><a href=\"https:\/\/vratisehrvatskatezove.com\/pt\/kontakt\/\">L\u00cdDER DE PROJETO<\/a><\/h6>\t\t\t\t<\/div>\n\t\t\t\t<\/div>\n\t\t\t\t<div class=\"elementor-element elementor-element-c69e3c0 elementor-widget-divider--view-line elementor-widget elementor-widget-divider\" data-id=\"c69e3c0\" data-element_type=\"widget\" data-e-type=\"widget\" data-widget_type=\"divider.default\">\n\t\t\t\t<div class=\"elementor-widget-container\">\n\t\t\t\t\t\t\t<div class=\"elementor-divider\">\n\t\t\t<span class=\"elementor-divider-separator\">\n\t\t\t\t\t\t<\/span>\n\t\t<\/div>\n\t\t\t\t\t\t<\/div>\n\t\t\t\t<\/div>\n\t\t\t\t<div class=\"elementor-element elementor-element-be59e08 elementor-widget elementor-widget-heading\" data-id=\"be59e08\" data-element_type=\"widget\" data-e-type=\"widget\" data-widget_type=\"heading.default\">\n\t\t\t\t<div class=\"elementor-widget-container\">\n\t\t\t\t\t<h5 class=\"elementor-heading-title elementor-size-default\"><a href=\"https:\/\/vratisehrvatskatezove.com\/pt\/kontakt\/\">Maria Lorena \u0160karek<\/a><\/h5>\t\t\t\t<\/div>\n\t\t\t\t<\/div>\n\t\t\t\t<div class=\"elementor-element elementor-element-7c1c6d8 elementor-widget elementor-widget-heading\" data-id=\"7c1c6d8\" data-element_type=\"widget\" data-e-type=\"widget\" data-widget_type=\"heading.default\">\n\t\t\t\t<div class=\"elementor-widget-container\">\n\t\t\t\t\t<h5 class=\"elementor-heading-title elementor-size-small\">lorena.skarek@vshtz.com<br>\n\n+385 91 611 3542 <\/h5>\t\t\t\t<\/div>\n\t\t\t\t<\/div>\n\t\t\t\t\t<\/div>\n\t\t<\/div>\n\t\t\t\t\t<\/div>\n\t\t<\/section>\n\t\t\t\t\t<\/div>\n\t\t<\/div>\n\t\t\t\t\t<\/div>\n\t\t<\/section>\n\t\t\t\t<section class=\"elementor-section elementor-top-section elementor-element elementor-element-503945f elementor-section-boxed elementor-section-height-default elementor-section-height-default\" data-id=\"503945f\" data-element_type=\"section\" data-e-type=\"section\">\n\t\t\t\t\t\t<div class=\"elementor-container elementor-column-gap-default\">\n\t\t\t\t\t<div class=\"elementor-column elementor-col-100 elementor-top-column elementor-element elementor-element-bea11d3\" data-id=\"bea11d3\" data-element_type=\"column\" data-e-type=\"column\">\n\t\t\t<div class=\"elementor-widget-wrap elementor-element-populated\">\n\t\t\t\t\t\t<div class=\"elementor-element elementor-element-fcf0846 elementor-widget elementor-widget-spacer\" data-id=\"fcf0846\" data-element_type=\"widget\" data-e-type=\"widget\" data-widget_type=\"spacer.default\">\n\t\t\t\t<div class=\"elementor-widget-container\">\n\t\t\t\t\t\t\t<div class=\"elementor-spacer\">\n\t\t\t<div class=\"elementor-spacer-inner\"><\/div>\n\t\t<\/div>\n\t\t\t\t\t\t<\/div>\n\t\t\t\t<\/div>\n\t\t\t\t<div class=\"elementor-element elementor-element-d1f90ae elementor-widget elementor-widget-spacer\" data-id=\"d1f90ae\" data-element_type=\"widget\" data-e-type=\"widget\" data-widget_type=\"spacer.default\">\n\t\t\t\t<div class=\"elementor-widget-container\">\n\t\t\t\t\t\t\t<div class=\"elementor-spacer\">\n\t\t\t<div class=\"elementor-spacer-inner\"><\/div>\n\t\t<\/div>\n\t\t\t\t\t\t<\/div>\n\t\t\t\t<\/div>\n\t\t\t\t<div class=\"elementor-element elementor-element-6113760 elementor-widget elementor-widget-video\" data-id=\"6113760\" data-element_type=\"widget\" data-e-type=\"widget\" data-settings=\"{&quot;youtube_url&quot;:&quot;https:\\\/\\\/www.youtube.com\\\/watch?v=dJqurdFpRzg&quot;,&quot;video_type&quot;:&quot;youtube&quot;,&quot;controls&quot;:&quot;yes&quot;}\" data-widget_type=\"video.default\">\n\t\t\t\t<div class=\"elementor-widget-container\">\n\t\t\t\t\t\t\t<div class=\"elementor-wrapper elementor-open-inline\">\n\t\t\t<div class=\"elementor-video\"><\/div>\t\t<\/div>\n\t\t\t\t\t\t<\/div>\n\t\t\t\t<\/div>\n\t\t\t\t<div class=\"elementor-element elementor-element-4c547ac elementor-widget elementor-widget-spacer\" data-id=\"4c547ac\" data-element_type=\"widget\" data-e-type=\"widget\" data-widget_type=\"spacer.default\">\n\t\t\t\t<div class=\"elementor-widget-container\">\n\t\t\t\t\t\t\t<div class=\"elementor-spacer\">\n\t\t\t<div class=\"elementor-spacer-inner\"><\/div>\n\t\t<\/div>\n\t\t\t\t\t\t<\/div>\n\t\t\t\t<\/div>\n\t\t\t\t<div class=\"elementor-element elementor-element-880ca94 elementor-widget elementor-widget-heading\" data-id=\"880ca94\" data-element_type=\"widget\" data-e-type=\"widget\" data-widget_type=\"heading.default\">\n\t\t\t\t<div class=\"elementor-widget-container\">\n\t\t\t\t\t<h2 class=\"elementor-heading-title elementor-size-small\">Encontre-nos nas redes sociais!<\/h2>\t\t\t\t<\/div>\n\t\t\t\t<\/div>\n\t\t\t\t\t<\/div>\n\t\t<\/div>\n\t\t\t\t\t<\/div>\n\t\t<\/section>\n\t\t\t\t<section class=\"elementor-section elementor-top-section elementor-element elementor-element-44fcb67 elementor-section-boxed elementor-section-height-default elementor-section-height-default\" data-id=\"44fcb67\" data-element_type=\"section\" data-e-type=\"section\">\n\t\t\t\t\t\t<div class=\"elementor-container elementor-column-gap-default\">\n\t\t\t\t\t<div class=\"elementor-column elementor-col-100 elementor-top-column elementor-element elementor-element-a6b8294\" data-id=\"a6b8294\" data-element_type=\"column\" data-e-type=\"column\">\n\t\t\t<div class=\"elementor-widget-wrap elementor-element-populated\">\n\t\t\t\t\t\t<div class=\"elementor-element elementor-element-54c032b elementor-widget elementor-widget-spacer\" data-id=\"54c032b\" data-element_type=\"widget\" data-e-type=\"widget\" data-widget_type=\"spacer.default\">\n\t\t\t\t<div class=\"elementor-widget-container\">\n\t\t\t\t\t\t\t<div class=\"elementor-spacer\">\n\t\t\t<div class=\"elementor-spacer-inner\"><\/div>\n\t\t<\/div>\n\t\t\t\t\t\t<\/div>\n\t\t\t\t<\/div>\n\t\t\t\t\t<\/div>\n\t\t<\/div>\n\t\t\t\t\t<\/div>\n\t\t<\/section>\n\t\t\t\t<\/div>","protected":false},"excerpt":{"rendered":"<p>vrati se, hrvatska te zove! KONTAKT VODITELJICA PROJEKTA Maria Lorena \u0160karek lorena.skarek@vshtz.com +385 91 611 3542 Na\u0111ite nas na dru\u0161tvenim mre\u017eama!<\/p>","protected":false},"author":2,"featured_media":0,"parent":0,"menu_order":0,"comment_status":"closed","ping_status":"closed","template":"","meta":{"_monsterinsights_skip_tracking":false,"_monsterinsights_sitenote_active":false,"_monsterinsights_sitenote_note":"","_monsterinsights_sitenote_category":0,"site-sidebar-layout":"no-sidebar","site-content-layout":"page-builder","ast-site-content-layout":"default","site-content-style":"default","site-sidebar-style":"default","ast-global-header-display":"","ast-banner-title-visibility":"","ast-main-header-display":"","ast-hfb-above-header-display":"","ast-hfb-below-header-display":"","ast-hfb-mobile-header-display":"","site-post-title":"disabled","ast-breadcrumbs-content":"disabled","ast-featured-img":"disabled","footer-sml-layout":"","ast-disable-related-posts":"","theme-transparent-header-meta":"enabled","adv-header-id-meta":"","stick-header-meta":"","header-above-stick-meta":"","header-main-stick-meta":"","header-below-stick-meta":"","astra-migrate-meta-layouts":"default","ast-page-background-enabled":"default","ast-page-background-meta":{"desktop":{"background-color":"","background-image":"","background-repeat":"repeat","background-position":"center center","background-size":"auto","background-attachment":"scroll","background-type":"","background-media":"","overlay-type":"","overlay-color":"","overlay-opacity":"","overlay-gradient":""},"tablet":{"background-color":"","background-image":"","background-repeat":"repeat","background-position":"center center","background-size":"auto","background-attachment":"scroll","background-type":"","background-media":"","overlay-type":"","overlay-color":"","overlay-opacity":"","overlay-gradient":""},"mobile":{"background-color":"","background-image":"","background-repeat":"repeat","background-position":"center center","background-size":"auto","background-attachment":"scroll","background-type":"","background-media":"","overlay-type":"","overlay-color":"","overlay-opacity":"","overlay-gradient":""}},"ast-content-background-meta":{"desktop":{"background-color":"var(--ast-global-color-5)","background-image":"","background-repeat":"repeat","background-position":"center center","background-size":"auto","background-attachment":"scroll","background-type":"","background-media":"","overlay-type":"","overlay-color":"","overlay-opacity":"","overlay-gradient":""},"tablet":{"background-color":"var(--ast-global-color-5)","background-image":"","background-repeat":"repeat","background-position":"center center","background-size":"auto","background-attachment":"scroll","background-type":"","background-media":"","overlay-type":"","overlay-color":"","overlay-opacity":"","overlay-gradient":""},"mobile":{"background-color":"var(--ast-global-color-5)","background-image":"","background-repeat":"repeat","background-position":"center center","background-size":"auto","background-attachment":"scroll","background-type":"","background-media":"","overlay-type":"","overlay-color":"","overlay-opacity":"","overlay-gradient":""}},"footnotes":""},"class_list":["post-10","page","type-page","status-publish","hentry"],"jetpack-related-posts":[{"id":1083,"url":"https:\/\/vratisehrvatskatezove.com\/pt\/blog\/","url_meta":{"origin":10,"position":0},"title":"Blog","author":"Admin","date":"julho 14, 2020","format":false,"excerpt":"VRATI SE, HRVATSKA TE ZOVE! BLOG March 14, 2024 Anketa u sklopu projekta \"Vrati se, Hrvatska te zove!\" provedena... Nakon pola godine istra\u017eivanja, donosimo rezultate ankete \u201cVrati se, Hrvatska te zove!\u201d","rel":"","context":"Post similar","block_context":{"text":"Post similar","link":""},"img":{"alt_text":"","src":"","width":0,"height":0},"classes":[]},{"id":1082,"url":"https:\/\/vratisehrvatskatezove.com\/pt\/","url_meta":{"origin":10,"position":1},"title":"P\u00e1gina Inicial","author":"Admin","date":"julho 14, 2020","format":false,"excerpt":"Vrati se, Hrvatska te zove! Portal za pru\u017eanje informacija o \u017eivotu i radu u Hrvatskoj ANKETA \u017deli\u0161 do\u0107i u Hrvatsku?Ostavi prijavu, a mi \u0107emo ti pomo\u0107i ostvariti to.Prijavi se MISIJA Povratak Hrvata i njihovih potomaka u Domovinu https:\/\/www.youtube.com\/watch?v=P_iITkH7Wn0Od 1991. do 2023. godine, iselilo se 900.000 Hrvata. Broj Hrvata koji \u017eive\u2026","rel":"","context":"Post similar","block_context":{"text":"Post similar","link":""},"img":{"alt_text":"","src":"https:\/\/i0.wp.com\/vratisehrvatskatezove.com\/wp-content\/uploads\/2023\/11\/ian-dooley-DJ7bWa-Gwks-unsplash-scaled.webp?resize=350%2C200&ssl=1","width":350,"height":200,"srcset":"https:\/\/i0.wp.com\/vratisehrvatskatezove.com\/wp-content\/uploads\/2023\/11\/ian-dooley-DJ7bWa-Gwks-unsplash-scaled.webp?resize=350%2C200&ssl=1 1x, https:\/\/i0.wp.com\/vratisehrvatskatezove.com\/wp-content\/uploads\/2023\/11\/ian-dooley-DJ7bWa-Gwks-unsplash-scaled.webp?resize=525%2C300&ssl=1 1.5x, https:\/\/i0.wp.com\/vratisehrvatskatezove.com\/wp-content\/uploads\/2023\/11\/ian-dooley-DJ7bWa-Gwks-unsplash-scaled.webp?resize=700%2C400&ssl=1 2x, https:\/\/i0.wp.com\/vratisehrvatskatezove.com\/wp-content\/uploads\/2023\/11\/ian-dooley-DJ7bWa-Gwks-unsplash-scaled.webp?resize=1050%2C600&ssl=1 3x, https:\/\/i0.wp.com\/vratisehrvatskatezove.com\/wp-content\/uploads\/2023\/11\/ian-dooley-DJ7bWa-Gwks-unsplash-scaled.webp?resize=1400%2C800&ssl=1 4x"},"classes":[]},{"id":8,"url":"https:\/\/vratisehrvatskatezove.com\/pt\/price-povratnika\/","url_meta":{"origin":10,"position":2},"title":"Hist\u00f3rias da Cro\u00e1cia","author":"Admin","date":"julho 14, 2020","format":false,"excerpt":"Vrati se, hrvatska te zove! Pri\u010de Povratnika https:\/\/www.youtube.com\/watch?v=1YuzgB3rgyg&t=12shttps:\/\/www.youtube.com\/watch?v=L46Cg4DCsEkhttps:\/\/youtu.be\/gRLOmKJS2c8https:\/\/youtu.be\/Msse964hTYshttps:\/\/youtu.be\/aDEtKAeMKRghttps:\/\/youtu.be\/Zcr58bkvJ4Y","rel":"","context":"Post similar","block_context":{"text":"Post similar","link":""},"img":{"alt_text":"","src":"https:\/\/i0.wp.com\/img.youtube.com\/vi\/1YuzgB3rgyg\/0.jpg?resize=350%2C200","width":350,"height":200},"classes":[]},{"id":14,"url":"https:\/\/vratisehrvatskatezove.com\/pt\/hrvatska-te-zove\/","url_meta":{"origin":10,"position":3},"title":"Cro\u00e1cia te chama!","author":"Admin","date":"julho 14, 2020","format":false,"excerpt":"VRATI SE, HRVATSKA TE ZOVE! KORISNI LINKOVI Vodi\u010d za povratnike i useljenike u Republiku iz Hrvatske: SKINI OVDJE\u00a0Mobilnost radne snage- Biram Hrvatsku: SKINI OVDJE\u00a0\u017divot i rad u Hrvatskoj: SKINI OVDJE\u00a0e-Gra\u0111ani: RADNA MJESTA\u00a0Sredi\u0161nji dr\u017eavni ured za Hrvata izvan Republike Hrvatske:\u00a0- Ured Dobrodo\u0161lice: Central State office for Croats Abroad - Welcome Office\u2026","rel":"","context":"Post similar","block_context":{"text":"Post similar","link":""},"img":{"alt_text":"","src":"","width":0,"height":0},"classes":[]},{"id":16,"url":"https:\/\/vratisehrvatskatezove.com\/pt\/anketa\/","url_meta":{"origin":10,"position":4},"title":"Enquete","author":"Admin","date":"julho 14, 2020","format":false,"excerpt":"vrati se, hrvatska te zove! ANKETA Anketa je zavr\u0161ena. Rezultate ankete saznati \u0107ete uskoro u novom blogu! Please enable JavaScript in your browser to complete this form.1. Lugar de nacimiento *ArgentinaBoliviaBrasilChileEcuadorColombiaM\u00e9xicoPanam\u00e1ParaguayPer\u00faUruguayVenezuelaOtro1) Lugar de nacimiento2. G\u00e9nero *a) Masculinob) Femeninoc) Prefiero no decirlod) Otro3. A\u00f1o de nacimiento *20132012201120102009200820072006200520042003200220012000199919981997199619951994199319921991199019891988198719861985198419831982198119801979197819771976197519741973197219711970196919681967196619651964196319621961196019591958195719561955195419531952195119501949194819471946194519441943194219411940193919381937193619351934193319321931193019291928192719261925192419234. Lugar de residencia *ArgentinaBoliviaBrasilChileEcuadorColombiaM\u00e9xicoPanam\u00e1ParaguayPer\u00faUruguayVenezuelaOtro4)\u2026","rel":"","context":"Post similar","block_context":{"text":"Post similar","link":""},"img":{"alt_text":"Loading","src":"https:\/\/vratisehrvatskatezove.com\/wp-content\/plugins\/wpforms\/assets\/images\/submit-spin.svg","width":350,"height":200},"classes":[]}],"jetpack_sharing_enabled":true,"_links":{"self":[{"href":"https:\/\/vratisehrvatskatezove.com\/pt\/wp-json\/wp\/v2\/pages\/10","targetHints":{"allow":["GET"]}}],"collection":[{"href":"https:\/\/vratisehrvatskatezove.com\/pt\/wp-json\/wp\/v2\/pages"}],"about":[{"href":"https:\/\/vratisehrvatskatezove.com\/pt\/wp-json\/wp\/v2\/types\/page"}],"author":[{"embeddable":true,"href":"https:\/\/vratisehrvatskatezove.com\/pt\/wp-json\/wp\/v2\/users\/2"}],"replies":[{"embeddable":true,"href":"https:\/\/vratisehrvatskatezove.com\/pt\/wp-json\/wp\/v2\/comments?post=10"}],"version-history":[{"count":17,"href":"https:\/\/vratisehrvatskatezove.com\/pt\/wp-json\/wp\/v2\/pages\/10\/revisions"}],"predecessor-version":[{"id":1277,"href":"https:\/\/vratisehrvatskatezove.com\/pt\/wp-json\/wp\/v2\/pages\/10\/revisions\/1277"}],"wp:attachment":[{"href":"https:\/\/vratisehrvatskatezove.com\/pt\/wp-json\/wp\/v2\/media?parent=10"}],"curies":[{"name":"wp","href":"https:\/\/api.w.org\/{rel}","templated":true}]}}